{"id":100,"date":"2018-11-15T11:42:57","date_gmt":"2018-11-15T11:42:57","guid":{"rendered":"http:\/\/demo.acmethemes.com\/restaurant-recipe\/?page_id=100"},"modified":"2022-04-18T08:53:29","modified_gmt":"2022-04-18T08:53:29","slug":"celebration","status":"publish","type":"page","link":"https:\/\/batcat.hu\/?page_id=100","title":{"rendered":"V\u00e1logatott mal\u00e1t\u00e1k \u00e9s koml\u00f3k"},"content":{"rendered":"<p>Nagy gondoss\u00e1ggal v\u00e1logattuk ki a receptekhez ill\u0151 legjobb min\u0151s\u00e9g\u0171 mal\u00e1t\u00e1kat \u00e9s koml\u00f3kat, mely garancia a kimagasl\u00f3 \u00edzvil\u00e1gra. Sok-sok finomhangol\u00e1s \u00e9s k\u00f3stol\u00e1s el\u0151zte meg a besz\u00e1ll\u00edt\u00f3i list\u00e1nk \u00f6ssze\u00e1ll\u00edt\u00e1s\u00e1t.<\/p>\n","protected":false},"excerpt":{"rendered":"<p>Nagy gondoss\u00e1ggal v\u00e1logattuk ki a receptekhez ill\u0151 legjobb min\u0151s\u00e9g\u0171 mal\u00e1t\u00e1kat \u00e9s koml\u00f3kat, mely garancia a kimagasl\u00f3 \u00edzvil\u00e1gra. Sok-sok finomhangol\u00e1s \u00e9s k\u00f3stol\u00e1s el\u0151zte meg a besz\u00e1ll\u00edt\u00f3i list\u00e1nk \u00f6ssze\u00e1ll\u00edt\u00e1s\u00e1t.<\/p>\n","protected":false},"author":1,"featured_media":0,"parent":0,"menu_order":0,"comment_status":"closed","ping_status":"closed","template":"","meta":{"footnotes":""},"class_list":["post-100","page","type-page","status-publish","hentry"],"aioseo_notices":[],"_links":{"self":[{"href":"https:\/\/batcat.hu\/index.php?rest_route=\/wp\/v2\/pages\/100","targetHints":{"allow":["GET"]}}],"collection":[{"href":"https:\/\/batcat.hu\/index.php?rest_route=\/wp\/v2\/pages"}],"about":[{"href":"https:\/\/batcat.hu\/index.php?rest_route=\/wp\/v2\/types\/page"}],"author":[{"embeddable":true,"href":"https:\/\/batcat.hu\/index.php?rest_route=\/wp\/v2\/users\/1"}],"replies":[{"embeddable":true,"href":"https:\/\/batcat.hu\/index.php?rest_route=%2Fwp%2Fv2%2Fcomments&post=100"}],"version-history":[{"count":9,"href":"https:\/\/batcat.hu\/index.php?rest_route=\/wp\/v2\/pages\/100\/revisions"}],"predecessor-version":[{"id":732,"href":"https:\/\/batcat.hu\/index.php?rest_route=\/wp\/v2\/pages\/100\/revisions\/732"}],"wp:attachment":[{"href":"https:\/\/batcat.hu\/index.php?rest_route=%2Fwp%2Fv2%2Fmedia&parent=100"}],"curies":[{"name":"wp","href":"https:\/\/api.w.org\/{rel}","templated":true}]}}