{"id":104,"date":"2018-11-15T11:42:36","date_gmt":"2018-11-15T11:42:36","guid":{"rendered":"http:\/\/demo.acmethemes.com\/restaurant-recipe\/?page_id=96"},"modified":"2022-04-20T20:13:45","modified_gmt":"2022-04-20T20:13:45","slug":"catering","status":"publish","type":"page","link":"https:\/\/batcat.hu\/?page_id=104","title":{"rendered":"Krist\u00e1lytiszta sz\u0171rt v\u00edz"},"content":{"rendered":"<p>A f\u0151z\u00e9shez haszn\u00e1lt v\u00edz min\u0151s\u00e9ge rendk\u00edv\u00fcl fontos a v\u00e9gterm\u00e9k szempontj\u00e1b\u00f3l, hiszen a legnagyobb mennyis\u00e9gben felhaszn\u00e1lt alapanyagr\u00f3l van sz\u00f3. \u00cdgy f\u0151zd\u00e9nkben minden esetben tiszt\u00edtott, ellen\u0151rz\u00f6tt vizet haszn\u00e1lunk. \u00c9rdekess\u00e9g: a s\u00f6rf\u0151z\u00e9s sor\u00e1n sz\u00fcks\u00e9ges h\u0171t\u00e9st visszaforgatott k\u00fatv\u00edzzel v\u00e9gezz\u00fck, \u00edgy feleslegesen nem terhelj\u00fck a k\u00f6rnyezetet.<\/p>\n","protected":false},"excerpt":{"rendered":"<p>A f\u0151z\u00e9shez haszn\u00e1lt v\u00edz min\u0151s\u00e9ge rendk\u00edv\u00fcl fontos a v\u00e9gterm\u00e9k szempontj\u00e1b\u00f3l, hiszen a legnagyobb mennyis\u00e9gben felhaszn\u00e1lt alapanyagr\u00f3l van sz\u00f3. \u00cdgy f\u0151zd\u00e9nkben minden esetben tiszt\u00edtott, ellen\u0151rz\u00f6tt vizet haszn\u00e1lunk. \u00c9rdekess\u00e9g: a s\u00f6rf\u0151z\u00e9s sor\u00e1n sz\u00fcks\u00e9ges h\u0171t\u00e9st visszaforgatott k\u00fatv\u00edzzel v\u00e9gezz\u00fck, \u00edgy feleslegesen nem terhelj\u00fck a k\u00f6rnyezetet.<\/p>\n","protected":false},"author":1,"featured_media":0,"parent":0,"menu_order":0,"comment_status":"closed","ping_status":"closed","template":"","meta":{"footnotes":""},"class_list":["post-104","page","type-page","status-publish","hentry"],"aioseo_notices":[],"_links":{"self":[{"href":"https:\/\/batcat.hu\/index.php?rest_route=\/wp\/v2\/pages\/104","targetHints":{"allow":["GET"]}}],"collection":[{"href":"https:\/\/batcat.hu\/index.php?rest_route=\/wp\/v2\/pages"}],"about":[{"href":"https:\/\/batcat.hu\/index.php?rest_route=\/wp\/v2\/types\/page"}],"author":[{"embeddable":true,"href":"https:\/\/batcat.hu\/index.php?rest_route=\/wp\/v2\/users\/1"}],"replies":[{"embeddable":true,"href":"https:\/\/batcat.hu\/index.php?rest_route=%2Fwp%2Fv2%2Fcomments&post=104"}],"version-history":[{"count":6,"href":"https:\/\/batcat.hu\/index.php?rest_route=\/wp\/v2\/pages\/104\/revisions"}],"predecessor-version":[{"id":899,"href":"https:\/\/batcat.hu\/index.php?rest_route=\/wp\/v2\/pages\/104\/revisions\/899"}],"wp:attachment":[{"href":"https:\/\/batcat.hu\/index.php?rest_route=%2Fwp%2Fv2%2Fmedia&parent=104"}],"curies":[{"name":"wp","href":"https:\/\/api.w.org\/{rel}","templated":true}]}}