{"id":128,"date":"2018-11-15T11:18:06","date_gmt":"2018-11-15T11:18:06","guid":{"rendered":"http:\/\/demo.acmethemes.com\/restaurant-recipe\/?page_id=48"},"modified":"2022-08-19T13:59:33","modified_gmt":"2022-08-19T13:59:33","slug":"free-wifi","status":"publish","type":"page","link":"https:\/\/batcat.hu\/?page_id=128","title":{"rendered":"KEG kiszerel\u00e9s"},"content":{"rendered":"","protected":false},"excerpt":{"rendered":"<p>Term\u00e9keink KEG kiszerel\u00e9sben is kaphat\u00f3k, \u00edgy s\u00f6rcsapra is alkalmasak.<\/p>\n","protected":false},"author":1,"featured_media":0,"parent":0,"menu_order":0,"comment_status":"closed","ping_status":"closed","template":"","meta":{"footnotes":""},"class_list":["post-128","page","type-page","status-publish","hentry"],"aioseo_notices":[],"_links":{"self":[{"href":"https:\/\/batcat.hu\/index.php?rest_route=\/wp\/v2\/pages\/128","targetHints":{"allow":["GET"]}}],"collection":[{"href":"https:\/\/batcat.hu\/index.php?rest_route=\/wp\/v2\/pages"}],"about":[{"href":"https:\/\/batcat.hu\/index.php?rest_route=\/wp\/v2\/types\/page"}],"author":[{"embeddable":true,"href":"https:\/\/batcat.hu\/index.php?rest_route=\/wp\/v2\/users\/1"}],"replies":[{"embeddable":true,"href":"https:\/\/batcat.hu\/index.php?rest_route=%2Fwp%2Fv2%2Fcomments&post=128"}],"version-history":[{"count":6,"href":"https:\/\/batcat.hu\/index.php?rest_route=\/wp\/v2\/pages\/128\/revisions"}],"predecessor-version":[{"id":1040,"href":"https:\/\/batcat.hu\/index.php?rest_route=\/wp\/v2\/pages\/128\/revisions\/1040"}],"wp:attachment":[{"href":"https:\/\/batcat.hu\/index.php?rest_route=%2Fwp%2Fv2%2Fmedia&parent=128"}],"curies":[{"name":"wp","href":"https:\/\/api.w.org\/{rel}","templated":true}]}}