{"id":130,"date":"2018-11-15T11:17:32","date_gmt":"2018-11-15T11:17:32","guid":{"rendered":"http:\/\/demo.acmethemes.com\/restaurant-recipe\/?page_id=46"},"modified":"2022-08-19T13:59:14","modified_gmt":"2022-08-19T13:59:14","slug":"free-parking","status":"publish","type":"page","link":"https:\/\/batcat.hu\/?page_id=130","title":{"rendered":"Palackozott s\u00f6r\u00f6k"},"content":{"rendered":"","protected":false},"excerpt":{"rendered":"<p>S\u00f6reinket 0,33l-es f\u00e9nyv\u00e9d\u0151 \u00fcvegben, oxig\u00e9nelnyel\u0151 kupakkal palackozzuk.<\/p>\n","protected":false},"author":1,"featured_media":0,"parent":0,"menu_order":0,"comment_status":"closed","ping_status":"closed","template":"","meta":{"footnotes":""},"class_list":["post-130","page","type-page","status-publish","hentry"],"aioseo_notices":[],"_links":{"self":[{"href":"https:\/\/batcat.hu\/index.php?rest_route=\/wp\/v2\/pages\/130","targetHints":{"allow":["GET"]}}],"collection":[{"href":"https:\/\/batcat.hu\/index.php?rest_route=\/wp\/v2\/pages"}],"about":[{"href":"https:\/\/batcat.hu\/index.php?rest_route=\/wp\/v2\/types\/page"}],"author":[{"embeddable":true,"href":"https:\/\/batcat.hu\/index.php?rest_route=\/wp\/v2\/users\/1"}],"replies":[{"embeddable":true,"href":"https:\/\/batcat.hu\/index.php?rest_route=%2Fwp%2Fv2%2Fcomments&post=130"}],"version-history":[{"count":5,"href":"https:\/\/batcat.hu\/index.php?rest_route=\/wp\/v2\/pages\/130\/revisions"}],"predecessor-version":[{"id":1039,"href":"https:\/\/batcat.hu\/index.php?rest_route=\/wp\/v2\/pages\/130\/revisions\/1039"}],"wp:attachment":[{"href":"https:\/\/batcat.hu\/index.php?rest_route=%2Fwp%2Fv2%2Fmedia&parent=130"}],"curies":[{"name":"wp","href":"https:\/\/api.w.org\/{rel}","templated":true}]}}