{"id":86,"date":"2018-11-15T11:47:55","date_gmt":"2018-11-15T11:47:55","guid":{"rendered":"http:\/\/demo.acmethemes.com\/restaurant-recipe\/?page_id=116"},"modified":"2021-04-07T14:41:31","modified_gmt":"2021-04-07T14:41:31","slug":"james-michael","status":"publish","type":"page","link":"https:\/\/batcat.hu\/?page_id=86","title":{"rendered":"Batta G\u00e1bor"},"content":{"rendered":"","protected":false},"excerpt":{"rendered":"<p>S\u00f6rmester, Alap\u00edt\u00f3<\/p>\n","protected":false},"author":1,"featured_media":447,"parent":0,"menu_order":0,"comment_status":"closed","ping_status":"closed","template":"","meta":{"footnotes":""},"class_list":["post-86","page","type-page","status-publish","has-post-thumbnail","hentry"],"aioseo_notices":[],"_links":{"self":[{"href":"https:\/\/batcat.hu\/index.php?rest_route=\/wp\/v2\/pages\/86","targetHints":{"allow":["GET"]}}],"collection":[{"href":"https:\/\/batcat.hu\/index.php?rest_route=\/wp\/v2\/pages"}],"about":[{"href":"https:\/\/batcat.hu\/index.php?rest_route=\/wp\/v2\/types\/page"}],"author":[{"embeddable":true,"href":"https:\/\/batcat.hu\/index.php?rest_route=\/wp\/v2\/users\/1"}],"replies":[{"embeddable":true,"href":"https:\/\/batcat.hu\/index.php?rest_route=%2Fwp%2Fv2%2Fcomments&post=86"}],"version-history":[{"count":2,"href":"https:\/\/batcat.hu\/index.php?rest_route=\/wp\/v2\/pages\/86\/revisions"}],"predecessor-version":[{"id":229,"href":"https:\/\/batcat.hu\/index.php?rest_route=\/wp\/v2\/pages\/86\/revisions\/229"}],"wp:featuredmedia":[{"embeddable":true,"href":"https:\/\/batcat.hu\/index.php?rest_route=\/wp\/v2\/media\/447"}],"wp:attachment":[{"href":"https:\/\/batcat.hu\/index.php?rest_route=%2Fwp%2Fv2%2Fmedia&parent=86"}],"curies":[{"name":"wp","href":"https:\/\/api.w.org\/{rel}","templated":true}]}}