{"id":961,"date":"2022-04-29T17:44:02","date_gmt":"2022-04-29T17:44:02","guid":{"rendered":"https:\/\/shamansor.hu\/?page_id=961"},"modified":"2022-04-29T18:51:53","modified_gmt":"2022-04-29T18:51:53","slug":"zeus","status":"publish","type":"page","link":"https:\/\/batcat.hu\/?page_id=961","title":{"rendered":"Zeus"},"content":{"rendered":"\n<p>Legal\u00e1bb 5 j\u00e1t\u00e9kos kell a t\u00e1mad\u00e1shoz, \u00e9s pontosan megegyez\u0151 harcier\u0151vel.<\/p>\n","protected":false},"excerpt":{"rendered":"<p>Legal\u00e1bb 5 j\u00e1t\u00e9kos kell a t\u00e1mad\u00e1shoz, \u00e9s pontosan megegyez\u0151 harcier\u0151vel.<\/p>\n","protected":false},"author":1,"featured_media":973,"parent":0,"menu_order":0,"comment_status":"closed","ping_status":"closed","template":"","meta":{"footnotes":""},"class_list":["post-961","page","type-page","status-publish","has-post-thumbnail","hentry"],"aioseo_notices":[],"_links":{"self":[{"href":"https:\/\/batcat.hu\/index.php?rest_route=\/wp\/v2\/pages\/961","targetHints":{"allow":["GET"]}}],"collection":[{"href":"https:\/\/batcat.hu\/index.php?rest_route=\/wp\/v2\/pages"}],"about":[{"href":"https:\/\/batcat.hu\/index.php?rest_route=\/wp\/v2\/types\/page"}],"author":[{"embeddable":true,"href":"https:\/\/batcat.hu\/index.php?rest_route=\/wp\/v2\/users\/1"}],"replies":[{"embeddable":true,"href":"https:\/\/batcat.hu\/index.php?rest_route=%2Fwp%2Fv2%2Fcomments&post=961"}],"version-history":[{"count":3,"href":"https:\/\/batcat.hu\/index.php?rest_route=\/wp\/v2\/pages\/961\/revisions"}],"predecessor-version":[{"id":1085,"href":"https:\/\/batcat.hu\/index.php?rest_route=\/wp\/v2\/pages\/961\/revisions\/1085"}],"wp:featuredmedia":[{"embeddable":true,"href":"https:\/\/batcat.hu\/index.php?rest_route=\/wp\/v2\/media\/973"}],"wp:attachment":[{"href":"https:\/\/batcat.hu\/index.php?rest_route=%2Fwp%2Fv2%2Fmedia&parent=961"}],"curies":[{"name":"wp","href":"https:\/\/api.w.org\/{rel}","templated":true}]}}