{"id":622,"date":"2021-04-16T18:22:54","date_gmt":"2021-04-16T18:22:54","guid":{"rendered":"http:\/\/192.168.0.200\/wordpress\/?post_type=product&#038;p=622"},"modified":"2023-03-29T17:24:12","modified_gmt":"2023-03-29T17:24:12","slug":"batcat-stout","status":"publish","type":"product","link":"https:\/\/batcat.hu\/?product=batcat-stout","title":{"rendered":"BatCat Stout"},"content":{"rendered":"<p>Hat f\u00e9le v\u00e1logatott mal\u00e1ta felhaszn\u00e1l\u00e1s\u00e1val k\u00e9sz\u00fcl\u0151 gazdag \u00edzvil\u00e1g\u00fa fekete stout, ahogy mi szeretj\u00fck.<\/p>\n","protected":false},"excerpt":{"rendered":"<p>Hat f\u00e9le v\u00e1logatott mal\u00e1ta felhaszn\u00e1l\u00e1s\u00e1val k\u00e9sz\u00fcl\u0151 gazdag \u00edzvil\u00e1g\u00fa fekete stout, ahogy mi szeretj\u00fck.<\/p>\n","protected":false},"featured_media":570,"template":"","meta":[],"product_cat":[28],"product_tag":[40],"class_list":{"0":"post-622","1":"product","2":"type-product","3":"status-publish","4":"has-post-thumbnail","6":"product_cat-0-33l-beer","7":"product_tag-kezmuves_sor","9":"first","10":"outofstock","11":"taxable","12":"shipping-taxable","13":"purchasable","14":"product-type-simple"},"aioseo_notices":[],"_links":{"self":[{"href":"https:\/\/batcat.hu\/index.php?rest_route=\/wp\/v2\/product\/622","targetHints":{"allow":["GET"]}}],"collection":[{"href":"https:\/\/batcat.hu\/index.php?rest_route=\/wp\/v2\/product"}],"about":[{"href":"https:\/\/batcat.hu\/index.php?rest_route=\/wp\/v2\/types\/product"}],"wp:featuredmedia":[{"embeddable":true,"href":"https:\/\/batcat.hu\/index.php?rest_route=\/wp\/v2\/media\/570"}],"wp:attachment":[{"href":"https:\/\/batcat.hu\/index.php?rest_route=%2Fwp%2Fv2%2Fmedia&parent=622"}],"wp:term":[{"taxonomy":"product_cat","embeddable":true,"href":"https:\/\/batcat.hu\/index.php?rest_route=%2Fwp%2Fv2%2Fproduct_cat&post=622"},{"taxonomy":"product_tag","embeddable":true,"href":"https:\/\/batcat.hu\/index.php?rest_route=%2Fwp%2Fv2%2Fproduct_tag&post=622"}],"curies":[{"name":"wp","href":"https:\/\/api.w.org\/{rel}","templated":true}]}}