{"id":922,"date":"2022-04-23T09:31:26","date_gmt":"2022-04-23T09:31:26","guid":{"rendered":"https:\/\/shamansor.hu\/?post_type=product&#038;p=922"},"modified":"2022-08-19T13:57:48","modified_gmt":"2022-08-19T13:57:48","slug":"batcat-ipa","status":"publish","type":"product","link":"https:\/\/batcat.hu\/?product=batcat-ipa","title":{"rendered":"BatCat IPA"},"content":{"rendered":"<p>A mal\u00e1t\u00e1k kir\u00e1lyn\u0151j\u00e9nek tartott Maris Otter angol mal\u00e1t\u00e1n alapul\u00f3, k\u00fcl\u00f6nleges koml\u00f3z\u00e1s\u00fa IPA st\u00edlus\u00fa vil\u00e1gos s\u00f6r.<\/p>\n","protected":false},"excerpt":{"rendered":"<p>A mal\u00e1t\u00e1k kir\u00e1lyn\u0151j\u00e9nek tartott Maris Otter angol mal\u00e1t\u00e1n alapul\u00f3, k\u00fcl\u00f6nleges koml\u00f3z\u00e1s\u00fa IPA st\u00edlus\u00fa vil\u00e1gos s\u00f6r.<\/p>\n","protected":false},"featured_media":884,"template":"","meta":[],"product_cat":[28],"product_tag":[40],"class_list":{"0":"post-922","1":"product","2":"type-product","3":"status-publish","4":"has-post-thumbnail","6":"product_cat-0-33l-beer","7":"product_tag-kezmuves_sor","9":"first","10":"instock","11":"taxable","12":"shipping-taxable","13":"purchasable","14":"product-type-simple"},"aioseo_notices":[],"_links":{"self":[{"href":"https:\/\/batcat.hu\/index.php?rest_route=\/wp\/v2\/product\/922","targetHints":{"allow":["GET"]}}],"collection":[{"href":"https:\/\/batcat.hu\/index.php?rest_route=\/wp\/v2\/product"}],"about":[{"href":"https:\/\/batcat.hu\/index.php?rest_route=\/wp\/v2\/types\/product"}],"wp:featuredmedia":[{"embeddable":true,"href":"https:\/\/batcat.hu\/index.php?rest_route=\/wp\/v2\/media\/884"}],"wp:attachment":[{"href":"https:\/\/batcat.hu\/index.php?rest_route=%2Fwp%2Fv2%2Fmedia&parent=922"}],"wp:term":[{"taxonomy":"product_cat","embeddable":true,"href":"https:\/\/batcat.hu\/index.php?rest_route=%2Fwp%2Fv2%2Fproduct_cat&post=922"},{"taxonomy":"product_tag","embeddable":true,"href":"https:\/\/batcat.hu\/index.php?rest_route=%2Fwp%2Fv2%2Fproduct_tag&post=922"}],"curies":[{"name":"wp","href":"https:\/\/api.w.org\/{rel}","templated":true}]}}