{"id":925,"date":"2022-04-23T09:45:10","date_gmt":"2022-04-23T09:45:10","guid":{"rendered":"https:\/\/shamansor.hu\/?post_type=product&#038;p=925"},"modified":"2022-08-19T13:57:13","modified_gmt":"2022-08-19T13:57:13","slug":"batcat-mezsor","status":"publish","type":"product","link":"https:\/\/batcat.hu\/?product=batcat-mezsor","title":{"rendered":"BatCat m\u00e9zs\u00f6r"},"content":{"rendered":"<p>Klasszikus recept alapj\u00e1n k\u00e9sz\u00edtett v\u00f6r\u00f6s m\u00e9zs\u00f6r (mead, bragott), mely igaz\u00e1n j\u00f3l passzol a k\u00fcl\u00f6nleges alkalmakhoz is.<\/p>\n","protected":false},"excerpt":{"rendered":"<p>Klasszikus recept alapj\u00e1n k\u00e9sz\u00edtett v\u00f6r\u00f6s m\u00e9zs\u00f6r (mead, bragott), mely igaz\u00e1n j\u00f3l passzol a k\u00fcl\u00f6nleges alkalmakhoz is.<\/p>\n","protected":false},"featured_media":883,"template":"","meta":[],"product_cat":[28],"product_tag":[29],"class_list":{"0":"post-925","1":"product","2":"type-product","3":"status-publish","4":"has-post-thumbnail","6":"product_cat-0-33l-beer","7":"product_tag-kezmuves_mezsor","9":"first","10":"outofstock","11":"taxable","12":"shipping-taxable","13":"purchasable","14":"product-type-simple"},"aioseo_notices":[],"_links":{"self":[{"href":"https:\/\/batcat.hu\/index.php?rest_route=\/wp\/v2\/product\/925","targetHints":{"allow":["GET"]}}],"collection":[{"href":"https:\/\/batcat.hu\/index.php?rest_route=\/wp\/v2\/product"}],"about":[{"href":"https:\/\/batcat.hu\/index.php?rest_route=\/wp\/v2\/types\/product"}],"wp:featuredmedia":[{"embeddable":true,"href":"https:\/\/batcat.hu\/index.php?rest_route=\/wp\/v2\/media\/883"}],"wp:attachment":[{"href":"https:\/\/batcat.hu\/index.php?rest_route=%2Fwp%2Fv2%2Fmedia&parent=925"}],"wp:term":[{"taxonomy":"product_cat","embeddable":true,"href":"https:\/\/batcat.hu\/index.php?rest_route=%2Fwp%2Fv2%2Fproduct_cat&post=925"},{"taxonomy":"product_tag","embeddable":true,"href":"https:\/\/batcat.hu\/index.php?rest_route=%2Fwp%2Fv2%2Fproduct_tag&post=925"}],"curies":[{"name":"wp","href":"https:\/\/api.w.org\/{rel}","templated":true}]}}